{"id":628,"date":"2025-12-13T11:15:36","date_gmt":"2025-12-13T11:15:36","guid":{"rendered":"https:\/\/hypsoph.fr\/?page_id=628"},"modified":"2026-02-12T11:09:08","modified_gmt":"2026-02-12T10:09:08","slug":"contactez-moi","status":"publish","type":"page","link":"https:\/\/hypsoph.fr\/index.php\/contactez-moi\/","title":{"rendered":"Contactez-moi"},"content":{"rendered":"\n\n<style id=\"wpforms-css-vars-621-block-3f9c394a-064a-4f7c-b00f-82cb8804c4f4\">\n\t\t\t\t#wpforms-621.wpforms-block-3f9c394a-064a-4f7c-b00f-82cb8804c4f4 {\n\t\t\t\t--wpforms-button-background-color: #aa9988;\n--wpforms-button-border-color: #aa9988;\n\t\t\t}\n\t\t\t<\/style><div class=\"wpforms-container wpforms-container-full wpforms-block wpforms-block-3f9c394a-064a-4f7c-b00f-82cb8804c4f4 wpforms-render-modern\" id=\"wpforms-621\"><form id=\"wpforms-form-621\" class=\"wpforms-validate wpforms-form wpforms-ajax-form\" data-formid=\"621\" method=\"post\" enctype=\"multipart\/form-data\" action=\"\/index.php\/wp-json\/wp\/v2\/pages\/628\" data-token=\"91ba053db3c01534f44ea36426c009f7\" data-token-time=\"1775382131\"><noscript class=\"wpforms-error-noscript\">Veuillez activer JavaScript dans votre navigateur pour remplir ce formulaire.<\/noscript><div id=\"wpforms-error-noscript\" style=\"display: none;\">Veuillez activer JavaScript dans votre navigateur pour remplir ce formulaire.<\/div><div class=\"wpforms-field-container\"><div id=\"wpforms-621-field_1-container\" class=\"wpforms-field wpforms-field-name\" data-field-id=\"1\"><fieldset><legend class=\"wpforms-field-label\">Nom \/ Pr\u00e9nom <span class=\"wpforms-required-label\" aria-hidden=\"true\">*<\/span><\/legend><div class=\"wpforms-field-row wpforms-field-medium\"><div class=\"wpforms-field-row-block wpforms-first wpforms-one-half\"><input type=\"text\" id=\"wpforms-621-field_1\" class=\"wpforms-field-name-first wpforms-field-required\" name=\"wpforms[fields][1][first]\" aria-errormessage=\"wpforms-621-field_1-error\" required><label for=\"wpforms-621-field_1\" class=\"wpforms-field-sublabel after wpforms-sublabel-hide\">Pr\u00e9nom<\/label><\/div><div class=\"wpforms-field-row-block wpforms-one-half\"><input type=\"text\" id=\"wpforms-621-field_1-last\" class=\"wpforms-field-name-last wpforms-field-required\" name=\"wpforms[fields][1][last]\" aria-errormessage=\"wpforms-621-field_1-last-error\" required><label for=\"wpforms-621-field_1-last\" class=\"wpforms-field-sublabel after wpforms-sublabel-hide\">Nom<\/label><\/div><\/div><\/fieldset><\/div><div id=\"wpforms-621-field_5-container\" class=\"wpforms-field wpforms-field-number\" data-field-id=\"5\"><label class=\"wpforms-field-label\" for=\"wpforms-621-field_5\">T\u00e9l\u00e9phone <span class=\"wpforms-required-label\" aria-hidden=\"true\">*<\/span><\/label><input type=\"number\" id=\"wpforms-621-field_5\" class=\"wpforms-field-medium wpforms-field-required\" name=\"wpforms[fields][5]\" min=\"10\" max=\"10\" step=\"any\" aria-errormessage=\"wpforms-621-field_5-error\" required><\/div><div id=\"wpforms-621-field_2-container\" class=\"wpforms-field wpforms-field-email\" data-field-id=\"2\"><label class=\"wpforms-field-label\" for=\"wpforms-621-field_2\">Votre adresse mail <span class=\"wpforms-required-label\" aria-hidden=\"true\">*<\/span><\/label><input type=\"email\" id=\"wpforms-621-field_2\" class=\"wpforms-field-medium wpforms-field-required\" name=\"wpforms[fields][2]\" spellcheck=\"false\" aria-errormessage=\"wpforms-621-field_2-error\" required><\/div>\t\t<div id=\"wpforms-621-field_7-container\"\n\t\t\tclass=\"wpforms-field wpforms-field-text\"\n\t\t\tdata-field-type=\"text\"\n\t\t\tdata-field-id=\"7\"\n\t\t\t>\n\t\t\t<label class=\"wpforms-field-label\" for=\"wpforms-621-field_7\" >: renseignements Votre<\/label>\n\t\t\t<input type=\"text\" id=\"wpforms-621-field_7\" class=\"wpforms-field-medium\" name=\"wpforms[fields][7]\" >\n\t\t<\/div>\n\t\t<div id=\"wpforms-621-field_4-container\" class=\"wpforms-field wpforms-field-checkbox\" data-field-id=\"4\"><fieldset><legend class=\"wpforms-field-label\">Vous souhaitez des renseignements sur :<\/legend><ul id=\"wpforms-621-field_4\"><li class=\"choice-1 depth-1\"><input type=\"checkbox\" id=\"wpforms-621-field_4_1\" name=\"wpforms[fields][4][]\" value=\"Hypnose\" aria-errormessage=\"wpforms-621-field_4_1-error\"  ><label class=\"wpforms-field-label-inline\" for=\"wpforms-621-field_4_1\">Hypnose<\/label><\/li><li class=\"choice-2 depth-1\"><input type=\"checkbox\" id=\"wpforms-621-field_4_2\" name=\"wpforms[fields][4][]\" value=\"Sophrologie\" aria-errormessage=\"wpforms-621-field_4_2-error\"  ><label class=\"wpforms-field-label-inline\" for=\"wpforms-621-field_4_2\">Sophrologie<\/label><\/li><\/ul><\/fieldset><\/div><div id=\"wpforms-621-field_3-container\" class=\"wpforms-field wpforms-field-textarea\" data-field-id=\"3\"><label class=\"wpforms-field-label\" for=\"wpforms-621-field_3\">Votre message<\/label><textarea id=\"wpforms-621-field_3\" class=\"wpforms-field-medium\" name=\"wpforms[fields][3]\" aria-errormessage=\"wpforms-621-field_3-error\" ><\/textarea><\/div><div id=\"wpforms-621-field_6-container\" class=\"wpforms-field wpforms-field-checkbox\" data-field-id=\"6\"><fieldset><legend class=\"wpforms-field-label\">Respect du RGPD<\/legend><ul id=\"wpforms-621-field_6\"><li class=\"choice-1 depth-1\"><input type=\"checkbox\" id=\"wpforms-621-field_6_1\" name=\"wpforms[fields][6][]\" value=\"En cochant cette case, j\u2019accepte que les informations saisies soient exploit\u00e9es dans le cadre de ma demande de contact et de la relation commerciale qui peut en d\u00e9couler. Pour en savoir plus, consultez ma Politique de Confidentialit\u00e9.\" aria-errormessage=\"wpforms-621-field_6_1-error\"  ><label class=\"wpforms-field-label-inline\" for=\"wpforms-621-field_6_1\">En cochant cette case, j\u2019accepte que les informations saisies soient exploit\u00e9es dans le cadre de ma demande de contact et de la relation commerciale qui peut en d\u00e9couler. Pour en savoir plus, consultez ma Politique de Confidentialit\u00e9.<\/label><\/li><\/ul><\/fieldset><\/div><script>\n\t\t\t\t( function() {\n\t\t\t\t\tconst style = document.createElement( 'style' );\n\t\t\t\t\tstyle.appendChild( document.createTextNode( '#wpforms-621-field_7-container { position: absolute !important; overflow: hidden !important; display: inline !important; height: 1px !important; width: 1px !important; z-index: -1000 !important; padding: 0 !important; } #wpforms-621-field_7-container input { visibility: hidden; } #wpforms-conversational-form-page #wpforms-621-field_7-container label { counter-increment: none; }' ) );\n\t\t\t\t\tdocument.head.appendChild( style );\n\t\t\t\t\tdocument.currentScript?.remove();\n\t\t\t\t} )();\n\t\t\t<\/script><\/div><!-- .wpforms-field-container --><div class=\"wpforms-recaptcha-container wpforms-is-recaptcha wpforms-is-recaptcha-type-invisible\" ><div class=\"g-recaptcha\" data-sitekey=\"6LencFAsAAAAALDTQmDV467joKJUJCusLFFfCMd1\" data-size=\"invisible\"><\/div><\/div><div class=\"wpforms-submit-container\" ><input type=\"hidden\" name=\"wpforms[id]\" value=\"621\"><input type=\"hidden\" name=\"page_title\" value=\"\"><input type=\"hidden\" name=\"page_url\" value=\"https:\/\/hypsoph.fr\/index.php\/wp-json\/wp\/v2\/pages\/628\"><input type=\"hidden\" name=\"url_referer\" value=\"\"><button type=\"submit\" name=\"wpforms[submit]\" id=\"wpforms-submit-621\" class=\"wpforms-submit\" data-alt-text=\"Envoi...\" data-submit-text=\"Envoyer\" aria-live=\"assertive\" value=\"wpforms-submit\">Envoyer<\/button><img loading=\"lazy\" decoding=\"async\" src=\"https:\/\/hypsoph.fr\/wp-content\/plugins\/wpforms-lite\/assets\/images\/submit-spin.svg\" class=\"wpforms-submit-spinner\" style=\"display: none;\" width=\"26\" height=\"26\" alt=\"Chargement en cours\"><\/div><\/form><\/div>  <!-- .wpforms-container -->","protected":false},"excerpt":{"rendered":"","protected":false},"author":1,"featured_media":0,"parent":0,"menu_order":0,"comment_status":"closed","ping_status":"closed","template":"","meta":{"saved_in_kubio":true,"footnotes":""},"class_list":["post-628","page","type-page","status-publish","hentry"],"kubio_ai_page_context":{"short_desc":"","purpose":"general"},"yoast_head":"<!-- This site is optimized with the Yoast SEO plugin v27.3 - https:\/\/yoast.com\/product\/yoast-seo-wordpress\/ -->\n<title>Contact &amp; Prise de RDV \u2013 Samantha Rocher \u2013 Metz<\/title>\n<meta name=\"description\" content=\"D\u00e9couvrer comment contacter Samantha Rocher pour ses services hypnose et sophrologie.\" \/>\n<meta name=\"robots\" content=\"index, follow, max-snippet:-1, max-image-preview:large, max-video-preview:-1\" \/>\n<link rel=\"canonical\" href=\"https:\/\/hypsoph.fr\/index.php\/contactez-moi\/\" \/>\n<meta property=\"og:locale\" content=\"fr_FR\" \/>\n<meta property=\"og:type\" content=\"article\" \/>\n<meta property=\"og:title\" content=\"Contact &amp; Prise de RDV \u2013 Samantha Rocher \u2013 Metz\" \/>\n<meta property=\"og:description\" content=\"D\u00e9couvrer comment contacter Samantha Rocher pour ses services hypnose et sophrologie.\" \/>\n<meta property=\"og:url\" content=\"https:\/\/hypsoph.fr\/index.php\/contactez-moi\/\" \/>\n<meta property=\"og:site_name\" content=\"Hypsoph\" \/>\n<meta property=\"article:modified_time\" content=\"2026-02-12T10:09:08+00:00\" \/>\n<meta property=\"og:image\" content=\"https:\/\/hypsoph.fr\/wp-content\/uploads\/2025\/12\/Sam-1.png\" \/>\n\t<meta property=\"og:image:width\" content=\"478\" \/>\n\t<meta property=\"og:image:height\" content=\"649\" \/>\n\t<meta property=\"og:image:type\" content=\"image\/png\" \/>\n<meta name=\"twitter:card\" content=\"summary_large_image\" \/>\n<script type=\"application\/ld+json\" class=\"yoast-schema-graph\">{\"@context\":\"https:\\\/\\\/schema.org\",\"@graph\":[{\"@type\":\"WebPage\",\"@id\":\"https:\\\/\\\/hypsoph.fr\\\/index.php\\\/contactez-moi\\\/\",\"url\":\"https:\\\/\\\/hypsoph.fr\\\/index.php\\\/contactez-moi\\\/\",\"name\":\"Contact & Prise de RDV \u2013 Samantha Rocher \u2013 Metz\",\"isPartOf\":{\"@id\":\"https:\\\/\\\/hypsoph.fr\\\/#website\"},\"datePublished\":\"2025-12-13T11:15:36+00:00\",\"dateModified\":\"2026-02-12T10:09:08+00:00\",\"description\":\"D\u00e9couvrer comment contacter Samantha Rocher pour ses services hypnose et sophrologie.\",\"breadcrumb\":{\"@id\":\"https:\\\/\\\/hypsoph.fr\\\/index.php\\\/contactez-moi\\\/#breadcrumb\"},\"inLanguage\":\"fr-FR\",\"potentialAction\":[{\"@type\":\"ReadAction\",\"target\":[\"https:\\\/\\\/hypsoph.fr\\\/index.php\\\/contactez-moi\\\/\"]}]},{\"@type\":\"BreadcrumbList\",\"@id\":\"https:\\\/\\\/hypsoph.fr\\\/index.php\\\/contactez-moi\\\/#breadcrumb\",\"itemListElement\":[{\"@type\":\"ListItem\",\"position\":1,\"name\":\"Accueil\",\"item\":\"https:\\\/\\\/hypsoph.fr\\\/\"},{\"@type\":\"ListItem\",\"position\":2,\"name\":\"Contactez-moi\"}]},{\"@type\":\"WebSite\",\"@id\":\"https:\\\/\\\/hypsoph.fr\\\/#website\",\"url\":\"https:\\\/\\\/hypsoph.fr\\\/\",\"name\":\"Samantha Rocher : Sophrologue et Hypnoth\u00e9rapeute \u00e0 Metz et environs\",\"description\":\"Hypnose et sophrologie \u00e0 Metz\",\"alternateName\":\"hypsoph.fr\",\"potentialAction\":[{\"@type\":\"SearchAction\",\"target\":{\"@type\":\"EntryPoint\",\"urlTemplate\":\"https:\\\/\\\/hypsoph.fr\\\/?s={search_term_string}\"},\"query-input\":{\"@type\":\"PropertyValueSpecification\",\"valueRequired\":true,\"valueName\":\"search_term_string\"}}],\"inLanguage\":\"fr-FR\"}]}<\/script>\n<!-- \/ Yoast SEO plugin. -->","yoast_head_json":{"title":"Contact & Prise de RDV \u2013 Samantha Rocher \u2013 Metz","description":"D\u00e9couvrer comment contacter Samantha Rocher pour ses services hypnose et sophrologie.","robots":{"index":"index","follow":"follow","max-snippet":"max-snippet:-1","max-image-preview":"max-image-preview:large","max-video-preview":"max-video-preview:-1"},"canonical":"https:\/\/hypsoph.fr\/index.php\/contactez-moi\/","og_locale":"fr_FR","og_type":"article","og_title":"Contact & Prise de RDV \u2013 Samantha Rocher \u2013 Metz","og_description":"D\u00e9couvrer comment contacter Samantha Rocher pour ses services hypnose et sophrologie.","og_url":"https:\/\/hypsoph.fr\/index.php\/contactez-moi\/","og_site_name":"Hypsoph","article_modified_time":"2026-02-12T10:09:08+00:00","og_image":[{"width":478,"height":649,"url":"https:\/\/hypsoph.fr\/wp-content\/uploads\/2025\/12\/Sam-1.png","type":"image\/png"}],"twitter_card":"summary_large_image","schema":{"@context":"https:\/\/schema.org","@graph":[{"@type":"WebPage","@id":"https:\/\/hypsoph.fr\/index.php\/contactez-moi\/","url":"https:\/\/hypsoph.fr\/index.php\/contactez-moi\/","name":"Contact & Prise de RDV \u2013 Samantha Rocher \u2013 Metz","isPartOf":{"@id":"https:\/\/hypsoph.fr\/#website"},"datePublished":"2025-12-13T11:15:36+00:00","dateModified":"2026-02-12T10:09:08+00:00","description":"D\u00e9couvrer comment contacter Samantha Rocher pour ses services hypnose et sophrologie.","breadcrumb":{"@id":"https:\/\/hypsoph.fr\/index.php\/contactez-moi\/#breadcrumb"},"inLanguage":"fr-FR","potentialAction":[{"@type":"ReadAction","target":["https:\/\/hypsoph.fr\/index.php\/contactez-moi\/"]}]},{"@type":"BreadcrumbList","@id":"https:\/\/hypsoph.fr\/index.php\/contactez-moi\/#breadcrumb","itemListElement":[{"@type":"ListItem","position":1,"name":"Accueil","item":"https:\/\/hypsoph.fr\/"},{"@type":"ListItem","position":2,"name":"Contactez-moi"}]},{"@type":"WebSite","@id":"https:\/\/hypsoph.fr\/#website","url":"https:\/\/hypsoph.fr\/","name":"Samantha Rocher : Sophrologue et Hypnoth\u00e9rapeute \u00e0 Metz et environs","description":"Hypnose et sophrologie \u00e0 Metz","alternateName":"hypsoph.fr","potentialAction":[{"@type":"SearchAction","target":{"@type":"EntryPoint","urlTemplate":"https:\/\/hypsoph.fr\/?s={search_term_string}"},"query-input":{"@type":"PropertyValueSpecification","valueRequired":true,"valueName":"search_term_string"}}],"inLanguage":"fr-FR"}]}},"_links":{"self":[{"href":"https:\/\/hypsoph.fr\/index.php\/wp-json\/wp\/v2\/pages\/628","targetHints":{"allow":["GET"]}}],"collection":[{"href":"https:\/\/hypsoph.fr\/index.php\/wp-json\/wp\/v2\/pages"}],"about":[{"href":"https:\/\/hypsoph.fr\/index.php\/wp-json\/wp\/v2\/types\/page"}],"author":[{"embeddable":true,"href":"https:\/\/hypsoph.fr\/index.php\/wp-json\/wp\/v2\/users\/1"}],"replies":[{"embeddable":true,"href":"https:\/\/hypsoph.fr\/index.php\/wp-json\/wp\/v2\/comments?post=628"}],"version-history":[{"count":3,"href":"https:\/\/hypsoph.fr\/index.php\/wp-json\/wp\/v2\/pages\/628\/revisions"}],"predecessor-version":[{"id":738,"href":"https:\/\/hypsoph.fr\/index.php\/wp-json\/wp\/v2\/pages\/628\/revisions\/738"}],"wp:attachment":[{"href":"https:\/\/hypsoph.fr\/index.php\/wp-json\/wp\/v2\/media?parent=628"}],"curies":[{"name":"wp","href":"https:\/\/api.w.org\/{rel}","templated":true}]}}