{"id":205,"date":"2025-11-26T16:45:46","date_gmt":"2025-11-26T16:45:46","guid":{"rendered":"https:\/\/hypsoph.fr\/?page_id=205"},"modified":"2026-02-27T08:42:17","modified_gmt":"2026-02-27T07:42:17","slug":"sophrologie","status":"publish","type":"page","link":"https:\/\/hypsoph.fr\/index.php\/sophrologie\/","title":{"rendered":"Sophrologie"},"content":{"rendered":"\n\n\n\n","protected":false},"excerpt":{"rendered":"","protected":false},"author":1,"featured_media":0,"parent":0,"menu_order":0,"comment_status":"closed","ping_status":"closed","template":"","meta":{"saved_in_kubio":true,"footnotes":""},"class_list":["post-205","page","type-page","status-publish","hentry"],"kubio_ai_page_context":{"short_desc":"","purpose":"general"},"yoast_head":"<!-- This site is optimized with the Yoast SEO plugin v27.3 - https:\/\/yoast.com\/product\/yoast-seo-wordpress\/ -->\n<title>Sophrologie \u2013 Samantha Rocher \u2013 Metz<\/title>\n<meta name=\"robots\" content=\"index, follow, max-snippet:-1, max-image-preview:large, max-video-preview:-1\" \/>\n<link rel=\"canonical\" href=\"https:\/\/hypsoph.fr\/index.php\/sophrologie\/\" \/>\n<meta property=\"og:locale\" content=\"fr_FR\" \/>\n<meta property=\"og:type\" content=\"article\" \/>\n<meta property=\"og:title\" content=\"Sophrologie \u2013 Samantha Rocher \u2013 Metz\" \/>\n<meta property=\"og:url\" content=\"https:\/\/hypsoph.fr\/index.php\/sophrologie\/\" \/>\n<meta property=\"og:site_name\" content=\"Hypsoph\" \/>\n<meta property=\"article:modified_time\" content=\"2026-02-27T07:42:17+00:00\" \/>\n<meta property=\"og:image\" content=\"https:\/\/hypsoph.fr\/wp-content\/uploads\/2025\/12\/Sam-1.png\" \/>\n\t<meta property=\"og:image:width\" content=\"478\" \/>\n\t<meta property=\"og:image:height\" content=\"649\" \/>\n\t<meta property=\"og:image:type\" content=\"image\/png\" \/>\n<meta name=\"twitter:card\" content=\"summary_large_image\" \/>\n<script type=\"application\/ld+json\" class=\"yoast-schema-graph\">{\"@context\":\"https:\\\/\\\/schema.org\",\"@graph\":[{\"@type\":\"WebPage\",\"@id\":\"https:\\\/\\\/hypsoph.fr\\\/index.php\\\/sophrologie\\\/\",\"url\":\"https:\\\/\\\/hypsoph.fr\\\/index.php\\\/sophrologie\\\/\",\"name\":\"Sophrologie \u2013 Samantha Rocher \u2013 Metz\",\"isPartOf\":{\"@id\":\"https:\\\/\\\/hypsoph.fr\\\/#website\"},\"datePublished\":\"2025-11-26T16:45:46+00:00\",\"dateModified\":\"2026-02-27T07:42:17+00:00\",\"breadcrumb\":{\"@id\":\"https:\\\/\\\/hypsoph.fr\\\/index.php\\\/sophrologie\\\/#breadcrumb\"},\"inLanguage\":\"fr-FR\",\"potentialAction\":[{\"@type\":\"ReadAction\",\"target\":[\"https:\\\/\\\/hypsoph.fr\\\/index.php\\\/sophrologie\\\/\"]}]},{\"@type\":\"BreadcrumbList\",\"@id\":\"https:\\\/\\\/hypsoph.fr\\\/index.php\\\/sophrologie\\\/#breadcrumb\",\"itemListElement\":[{\"@type\":\"ListItem\",\"position\":1,\"name\":\"Accueil\",\"item\":\"https:\\\/\\\/hypsoph.fr\\\/\"},{\"@type\":\"ListItem\",\"position\":2,\"name\":\"Sophrologie\"}]},{\"@type\":\"WebSite\",\"@id\":\"https:\\\/\\\/hypsoph.fr\\\/#website\",\"url\":\"https:\\\/\\\/hypsoph.fr\\\/\",\"name\":\"Samantha Rocher : Sophrologue et Hypnoth\u00e9rapeute \u00e0 Metz et environs\",\"description\":\"Hypnose et sophrologie \u00e0 Metz\",\"alternateName\":\"hypsoph.fr\",\"potentialAction\":[{\"@type\":\"SearchAction\",\"target\":{\"@type\":\"EntryPoint\",\"urlTemplate\":\"https:\\\/\\\/hypsoph.fr\\\/?s={search_term_string}\"},\"query-input\":{\"@type\":\"PropertyValueSpecification\",\"valueRequired\":true,\"valueName\":\"search_term_string\"}}],\"inLanguage\":\"fr-FR\"}]}<\/script>\n<!-- \/ Yoast SEO plugin. -->","yoast_head_json":{"title":"Sophrologie \u2013 Samantha Rocher \u2013 Metz","robots":{"index":"index","follow":"follow","max-snippet":"max-snippet:-1","max-image-preview":"max-image-preview:large","max-video-preview":"max-video-preview:-1"},"canonical":"https:\/\/hypsoph.fr\/index.php\/sophrologie\/","og_locale":"fr_FR","og_type":"article","og_title":"Sophrologie \u2013 Samantha Rocher \u2013 Metz","og_url":"https:\/\/hypsoph.fr\/index.php\/sophrologie\/","og_site_name":"Hypsoph","article_modified_time":"2026-02-27T07:42:17+00:00","og_image":[{"width":478,"height":649,"url":"https:\/\/hypsoph.fr\/wp-content\/uploads\/2025\/12\/Sam-1.png","type":"image\/png"}],"twitter_card":"summary_large_image","schema":{"@context":"https:\/\/schema.org","@graph":[{"@type":"WebPage","@id":"https:\/\/hypsoph.fr\/index.php\/sophrologie\/","url":"https:\/\/hypsoph.fr\/index.php\/sophrologie\/","name":"Sophrologie \u2013 Samantha Rocher \u2013 Metz","isPartOf":{"@id":"https:\/\/hypsoph.fr\/#website"},"datePublished":"2025-11-26T16:45:46+00:00","dateModified":"2026-02-27T07:42:17+00:00","breadcrumb":{"@id":"https:\/\/hypsoph.fr\/index.php\/sophrologie\/#breadcrumb"},"inLanguage":"fr-FR","potentialAction":[{"@type":"ReadAction","target":["https:\/\/hypsoph.fr\/index.php\/sophrologie\/"]}]},{"@type":"BreadcrumbList","@id":"https:\/\/hypsoph.fr\/index.php\/sophrologie\/#breadcrumb","itemListElement":[{"@type":"ListItem","position":1,"name":"Accueil","item":"https:\/\/hypsoph.fr\/"},{"@type":"ListItem","position":2,"name":"Sophrologie"}]},{"@type":"WebSite","@id":"https:\/\/hypsoph.fr\/#website","url":"https:\/\/hypsoph.fr\/","name":"Samantha Rocher : Sophrologue et Hypnoth\u00e9rapeute \u00e0 Metz et environs","description":"Hypnose et sophrologie \u00e0 Metz","alternateName":"hypsoph.fr","potentialAction":[{"@type":"SearchAction","target":{"@type":"EntryPoint","urlTemplate":"https:\/\/hypsoph.fr\/?s={search_term_string}"},"query-input":{"@type":"PropertyValueSpecification","valueRequired":true,"valueName":"search_term_string"}}],"inLanguage":"fr-FR"}]}},"_links":{"self":[{"href":"https:\/\/hypsoph.fr\/index.php\/wp-json\/wp\/v2\/pages\/205","targetHints":{"allow":["GET"]}}],"collection":[{"href":"https:\/\/hypsoph.fr\/index.php\/wp-json\/wp\/v2\/pages"}],"about":[{"href":"https:\/\/hypsoph.fr\/index.php\/wp-json\/wp\/v2\/types\/page"}],"author":[{"embeddable":true,"href":"https:\/\/hypsoph.fr\/index.php\/wp-json\/wp\/v2\/users\/1"}],"replies":[{"embeddable":true,"href":"https:\/\/hypsoph.fr\/index.php\/wp-json\/wp\/v2\/comments?post=205"}],"version-history":[{"count":11,"href":"https:\/\/hypsoph.fr\/index.php\/wp-json\/wp\/v2\/pages\/205\/revisions"}],"predecessor-version":[{"id":760,"href":"https:\/\/hypsoph.fr\/index.php\/wp-json\/wp\/v2\/pages\/205\/revisions\/760"}],"wp:attachment":[{"href":"https:\/\/hypsoph.fr\/index.php\/wp-json\/wp\/v2\/media?parent=205"}],"curies":[{"name":"wp","href":"https:\/\/api.w.org\/{rel}","templated":true}]}}